{"id":45117,"date":"2021-09-10T09:21:07","date_gmt":"2021-09-10T13:21:07","guid":{"rendered":"https:\/\/conpulse.io\/?page_id=45117"},"modified":"2022-01-06T08:49:56","modified_gmt":"2022-01-06T13:49:56","slug":"blog","status":"publish","type":"page","link":"https:\/\/conpulse.io\/pt-br\/blog\/","title":{"rendered":"Blog"},"content":{"rendered":"<p>[et_pb_section fb_built=&#8221;1&#8243; next_background_color=&#8221;#ffffff&#8221; admin_label=&#8221;Hero Section&#8221; _builder_version=&#8221;4.13.1&#8243; background_enable_color=&#8221;off&#8221; background_image=&#8221;https:\/\/conpulse.io\/wp-content\/uploads\/2021\/12\/Photo-by-Patrick-Tomasso-on-Unsplash&#8211;scaled.jpg&#8221; background_size=&#8221;initial&#8221; background_position=&#8221;bottom_left&#8221; min_height=&#8221;280px&#8221; custom_padding=&#8221;||80px||false|false&#8221; bottom_divider_style=&#8221;asymmetric2&#8243; bottom_divider_height_tablet=&#8221;40px&#8221; bottom_divider_height_phone=&#8221;25px&#8221; bottom_divider_height_last_edited=&#8221;on|tablet&#8221; custom_css_main_element=&#8221;background-size: cover!important;||background-position: top center!important;&#8221; locked=&#8221;off&#8221; global_colors_info=&#8221;{}&#8221;][et_pb_row column_structure=&#8221;2_5,3_5&#8243; make_equal=&#8221;on&#8221; module_class=&#8221;inline-buttons-row&#8221; _builder_version=&#8221;4.10.5&#8243; width=&#8221;90%&#8221; max_width=&#8221;90%&#8221; min_height=&#8221;280px&#8221; custom_css_main_element=&#8221;display:flex;||flex-wrap:wrap;||min-height: 400px;&#8221; global_colors_info=&#8221;{}&#8221;][et_pb_column type=&#8221;2_5&#8243; _builder_version=&#8221;4.10.5&#8243; background_color=&#8221;rgba(255,255,255,0.81)&#8221; custom_padding=&#8221;40px|40px|40px|40px|true|true&#8221; custom_css_main_element=&#8221;min-width:350px;||max-width:400px;&#8221; border_width_top=&#8221;4px&#8221; border_color_top=&#8221;#850041&#8243; global_colors_info=&#8221;{}&#8221; custom_css_main_element_last_edited=&#8221;on|desktop&#8221; custom_css_main_element_tablet=&#8221;order:2;||min-width:350px;&#8221; custom_css_main_element_phone=&#8221;min-width:290px;&#8221;][et_pb_text _builder_version=&#8221;4.11.3&#8243; text_font=&#8221;Lato|700|||||||&#8221; text_text_color=&#8221;#3c3c3c&#8221; text_font_size=&#8221;45px&#8221; text_line_height=&#8221;1.5em&#8221; header_font=&#8221;Lato||||||||&#8221; header_text_color=&#8221;#3c3c3c&#8221; header_font_size=&#8221;40px&#8221; width=&#8221;90%&#8221; custom_margin=&#8221;0px||0px||false|false&#8221; custom_margin_tablet=&#8221;30px||||false|false&#8221; custom_margin_last_edited=&#8221;off|desktop&#8221; custom_padding=&#8221;0px||0px||false|false&#8221; global_colors_info=&#8221;{}&#8221; content__hover_enabled=&#8221;on|desktop&#8221; content__hover=&#8221;<\/p>\n<h1><span style=%22color: #3c3c3c;%22><b>Blog<\/b><\/span><\/h1>\n<p>&#8220;]<\/p>\n<h1><span style=\"color: #3c3c3c;\"><b>Blog<\/b><\/span><\/h1>\n<p>[\/et_pb_text][et_pb_text _builder_version=&#8221;4.10.5&#8243; text_text_color=&#8221;#3c3c3c&#8221; text_font_size=&#8221;18px&#8221; text_line_height=&#8221;1.6em&#8221; width=&#8221;90%&#8221; custom_margin=&#8221;0px||0px||false|false&#8221; custom_margin_tablet=&#8221;30px||||false|false&#8221; custom_margin_phone=&#8221;&#8221; custom_margin_last_edited=&#8221;on|tablet&#8221; custom_padding=&#8221;0px||0px||false|false&#8221; global_colors_info=&#8221;{}&#8221;]<\/p>\n<p>Enjoy our latest blogs on Consulting Performance Management<\/p>\n<p>[\/et_pb_text][\/et_pb_column][et_pb_column type=&#8221;3_5&#8243; _builder_version=&#8221;4.6.0&#8243; global_colors_info=&#8221;{}&#8221; custom_css_main_element_tablet=&#8221;order:1;&#8221; custom_css_main_element_last_edited=&#8221;on|tablet&#8221; custom_css_main_element_phone=&#8221;order:1;&#8221;][\/et_pb_column][\/et_pb_row][\/et_pb_section][et_pb_section fb_built=&#8221;1&#8243; _builder_version=&#8221;4.10.5&#8243; _module_preset=&#8221;default&#8221; global_colors_info=&#8221;{}&#8221;][et_pb_row _builder_version=&#8221;4.10.5&#8243; _module_preset=&#8221;default&#8221; global_colors_info=&#8221;{}&#8221;][et_pb_column type=&#8221;4_4&#8243; _builder_version=&#8221;4.10.5&#8243; _module_preset=&#8221;default&#8221; global_colors_info=&#8221;{}&#8221;][et_pb_blog_extras _builder_version=&#8221;4.10.5&#8243; _module_preset=&#8221;default&#8221; global_colors_info=&#8221;{}&#8221;][\/et_pb_blog_extras][\/et_pb_column][\/et_pb_row][\/et_pb_section][et_pb_section fb_built=&#8221;1&#8243; _builder_version=&#8221;4.9.4&#8243; custom_padding=&#8221;||60px||false|false&#8221; locked=&#8221;off&#8221; global_colors_info=&#8221;{}&#8221; global_module=&#8221;45645&#8243; theme_builder_area=&#8221;post_content&#8221;][et_pb_row column_structure=&#8221;3_5,2_5&#8243; make_equal=&#8221;on&#8221; custom_padding_last_edited=&#8221;on|desktop&#8221; _builder_version=&#8221;4.9.4&#8243; background_color=&#8221;#850041&#8243; background_image=&#8221;https:\/\/conpulse.io\/wp-content\/uploads\/2020\/05\/Molti-background.jpg&#8221; background_size=&#8221;initial&#8221; background_position=&#8221;bottom_center&#8221; background_blend=&#8221;overlay&#8221; custom_padding=&#8221;0px|40px|0px|40px|true|true&#8221; custom_padding_tablet=&#8221;30px|40px|30px|40px|true|true&#8221; custom_padding_phone=&#8221;&#8221; custom_css_main_element=&#8221;display:flex;||flex-wrap:wrap;&#8221; box_shadow_style=&#8221;preset1&#8243; box_shadow_vertical=&#8221;12px&#8221; box_shadow_blur=&#8221;12px&#8221; box_shadow_color=&#8221;rgba(133,0,65,0.53)&#8221; global_colors_info=&#8221;{}&#8221; theme_builder_area=&#8221;post_content&#8221;][et_pb_column type=&#8221;3_5&#8243; _builder_version=&#8221;4.6.0&#8243; global_colors_info=&#8221;{}&#8221; custom_css_main_element_last_edited=&#8221;on|tablet&#8221; custom_css_main_element_tablet=&#8221;order:2;&#8221; custom_css_main_element_phone=&#8221;order:2;&#8221; theme_builder_area=&#8221;post_content&#8221;][et_pb_text content_tablet=&#8221;<\/p>\n<h3><span style=%22font-size: small;%22>Want to discuss about your next project?<br \/><\/span>Let&#8217;s Talk<\/h3>\n<p>&#8221; content_phone=&#8221;<\/p>\n<h3><span style=%22font-size: small;%22>Want to discuss about your next project?<br \/><\/span>Let&#8217;s Talk<\/h3>\n<p>&#8221; content_last_edited=&#8221;on|tablet&#8221; _builder_version=&#8221;4.10.5&#8243; text_font=&#8221;Nunito Sans|600|||||||&#8221; text_text_color=&#8221;#ffffff&#8221; text_letter_spacing=&#8221;0.2px&#8221; text_line_height=&#8221;1.8em&#8221; header_3_font=&#8221;|700|||||||&#8221; header_3_text_color=&#8221;#ffffff&#8221; header_3_font_size=&#8221;40px&#8221; width_tablet=&#8221;78%&#8221; width_phone=&#8221;100%&#8221; width_last_edited=&#8221;on|tablet&#8221; module_alignment=&#8221;left&#8221; text_font_size_tablet=&#8221;&#8221; text_font_size_phone=&#8221;13px&#8221; text_font_size_last_edited=&#8221;on|phone&#8221; header_3_text_align_tablet=&#8221;center&#8221; header_3_text_align_phone=&#8221;&#8221; header_3_text_align_last_edited=&#8221;on|tablet&#8221; header_3_font_size_tablet=&#8221;&#8221; header_3_font_size_phone=&#8221;30px&#8221; header_3_font_size_last_edited=&#8221;on|phone&#8221; text_orientation_tablet=&#8221;center&#8221; text_orientation_phone=&#8221;&#8221; text_orientation_last_edited=&#8221;on|tablet&#8221; module_alignment_tablet=&#8221;center&#8221; module_alignment_phone=&#8221;&#8221; module_alignment_last_edited=&#8221;on|tablet&#8221; global_colors_info=&#8221;{}&#8221; theme_builder_area=&#8221;post_content&#8221;]<\/p>\n<h3><span style=\"font-size: small;\">Want to discuss about your next project?<br \/><\/span>Let&#8217;s Talk<\/h3>\n<p>Book a meeting, Ask for a Call Back or Chat with us on line. You can also drop by for a coffee but there is no button for that.<\/p>\n<p>[\/et_pb_text][el_modal_popup modal_id=&#8221;BAC-Blue&#8221; trigger_button_text=&#8221;Book a call&#8221; close_on_esc=&#8221;on&#8221; show_modal_title=&#8221;off&#8221; show_footer=&#8221;off&#8221; modal_content_type=&#8221;layout&#8221; modal_content_layout=&#8221;40207&#8243; modal_body_custom_padding=&#8221;0px|0px|0px|0px|true|true&#8221; modal_close_icon_color=&#8221;#850041&#8243; admin_label=&#8221;Book a call&#8221; module_class=&#8221;blue-section&#8221; _builder_version=&#8221;4.14.4&#8243; _module_preset=&#8221;default&#8221; custom_trigger_button=&#8221;on&#8221; trigger_button_text_size=&#8221;14px&#8221; trigger_button_text_color=&#8221;#ffffff&#8221; trigger_button_bg_color=&#8221;#00abbb&#8221; trigger_button_border_radius=&#8221;50px&#8221; trigger_button_font=&#8221;|700||on|||||&#8221; trigger_button_use_icon=&#8221;off&#8221; trigger_button_custom_padding=&#8221;10px|10px|10px|10px|false|false&#8221; text_orientation=&#8221;center&#8221; modal_width=&#8221;60%&#8221; custom_css_main_element=&#8221;width:180px;||margin-left:auto;||margin-right:6%;||float:left;&#8221; locked=&#8221;off&#8221; global_colors_info=&#8221;{}&#8221; trigger_button_text_color__hover_enabled=&#8221;on|hover&#8221; trigger_button_text_color__hover=&#8221;#3c3c3c&#8221; trigger_button_bg_color__hover_enabled=&#8221;on|hover&#8221; trigger_button_bg_color__hover=&#8221;#e1e1e1&#8243; trigger_button_bg_enable_color__hover=&#8221;on&#8221; theme_builder_area=&#8221;post_content&#8221;][\/el_modal_popup][et_pb_text admin_label=&#8221;Chat Live&#8221; _builder_version=&#8221;4.14.4&#8243; _module_preset=&#8221;default&#8221; global_colors_info=&#8221;{}&#8221; theme_builder_area=&#8221;post_content&#8221;]<button onclick=\"toggleshow()\">Chat Live<\/button>[\/et_pb_text][\/et_pb_column][et_pb_column type=&#8221;2_5&#8243; _builder_version=&#8221;4.6.0&#8243; global_colors_info=&#8221;{}&#8221; custom_css_main_element_tablet=&#8221;order:1;&#8221; custom_css_main_element_last_edited=&#8221;on|tablet&#8221; custom_css_main_element_phone=&#8221;order:1;&#8221; theme_builder_area=&#8221;post_content&#8221;][et_pb_image src=&#8221;https:\/\/conpulse.io\/wp-content\/uploads\/2021\/09\/volodymyr-hryshchenko-V5vqWC9gyEU-unsplash-scaled.jpg&#8221; title_text=&#8221;volodymyr-hryshchenko-V5vqWC9gyEU-unsplash&#8221; _builder_version=&#8221;4.10.5&#8243; max_height=&#8221;250px&#8221; custom_margin=&#8221;65px||65px||true|false&#8221; global_colors_info=&#8221;{}&#8221; theme_builder_area=&#8221;post_content&#8221;][\/et_pb_image][\/et_pb_column][\/et_pb_row][\/et_pb_section]<\/p>\n","protected":false},"excerpt":{"rendered":"<p>BlogDesfrute de nossos mais recentes blogs sobre Consultoria em Gest\u00e3o de DesempenhoDeseja discutir sobre seu pr\u00f3ximo projeto... Vamos conversar, marcar uma reuni\u00e3o, solicitar uma chamada de volta ou conversar conosco on line. Voc\u00ea tamb\u00e9m pode aparecer para tomar um caf\u00e9, mas n\u00e3o h\u00e1 bot\u00e3o para isso.<div class=\"et_pb_module el_modal_popup el_modal_popup_0\">\n\t\t\t\t\n\t\t\t\t\n\t\t\t\t\n\t\t\t\t\n\t\t\t\t\n\t\t\t\t\n\t\t\t\t<div class=\"et_pb_module_inner\">\n\t\t\t\t\t<div class=\"el_modal_popup_trigger_element_wrapper\"><div class=\"et_pb_button_wrapper\"><a class=\"et_pb_button el_modal_popup_trigger_element el_modal_popup_trigger_button\" href=\"#\">\"Livro<\/a><\/div><\/div><div class=\"el_modal_popup_wrapper el_modal_popup_center el_modal_popup_close_on_background_click\" data-disable-website-scroll=\"on\" data-id=\"&#8221;BAC-Blue&#8221;\" \n\t\t\t\tdata-re-render=\"on\" data-autoplay-video=\"off\" data-trigger-type=\"element\" \n\t\t\t\tdata-trigger-delay=\"3000ms\"  data-animation-duration=\"1000ms\"  data-animation-duration-tablet=\"\"  data-animation-duration-phone=\"\"    \n\t\t\t>\n                <div class=\"el_modal_popup_inner_wrap el_modal_popup_animated\">\n                    \n                    \n                    \n\t\t\t\t\t<span class=\"el_modal_popup_close el_modal_popup_close_icon et-pb-icon\">Q<\/span>\n                <\/div>\n            <\/div>\n\t\t\t\t<\/div>\n\t\t\t<\/div><\/p>","protected":false},"author":7,"featured_media":0,"parent":0,"menu_order":0,"comment_status":"closed","ping_status":"closed","template":"","meta":{"_et_pb_use_builder":"on","_et_pb_old_content":"","_et_gb_content_width":"","footnotes":""},"class_list":["post-45117","page","type-page","status-publish","hentry"],"_links":{"self":[{"href":"https:\/\/conpulse.io\/pt-br\/wp-json\/wp\/v2\/pages\/45117","targetHints":{"allow":["GET"]}}],"collection":[{"href":"https:\/\/conpulse.io\/pt-br\/wp-json\/wp\/v2\/pages"}],"about":[{"href":"https:\/\/conpulse.io\/pt-br\/wp-json\/wp\/v2\/types\/page"}],"author":[{"embeddable":true,"href":"https:\/\/conpulse.io\/pt-br\/wp-json\/wp\/v2\/users\/7"}],"replies":[{"embeddable":true,"href":"https:\/\/conpulse.io\/pt-br\/wp-json\/wp\/v2\/comments?post=45117"}],"version-history":[{"count":0,"href":"https:\/\/conpulse.io\/pt-br\/wp-json\/wp\/v2\/pages\/45117\/revisions"}],"wp:attachment":[{"href":"https:\/\/conpulse.io\/pt-br\/wp-json\/wp\/v2\/media?parent=45117"}],"curies":[{"name":"wp","href":"https:\/\/api.w.org\/{rel}","templated":true}]}}