{"id":45521,"date":"2021-12-14T17:25:32","date_gmt":"2021-12-14T22:25:32","guid":{"rendered":"https:\/\/conpulse.io\/?page_id=45521"},"modified":"2022-01-10T03:53:43","modified_gmt":"2022-01-10T08:53:43","slug":"feuille-de-route","status":"publish","type":"page","link":"https:\/\/conpulse.io\/fr\/roadmap\/","title":{"rendered":"Feuille de route produit"},"content":{"rendered":"<p>[et_pb_section fb_built=&#8221;1&#8243; next_background_color=&#8221;#ffffff&#8221; admin_label=&#8221;Hero Section&#8221; _builder_version=&#8221;4.14.2&#8243; background_enable_color=&#8221;off&#8221; background_image=&#8221;https:\/\/conpulse.io\/wp-content\/uploads\/2021\/12\/niklas-bischop-df3C-hSOFv4-unsplash-e1639522228794.jpg&#8221; background_size=&#8221;initial&#8221; background_position=&#8221;bottom_left&#8221; min_height=&#8221;280px&#8221; custom_padding=&#8221;||80px||false|false&#8221; bottom_divider_style=&#8221;asymmetric2&#8243; bottom_divider_height_tablet=&#8221;40px&#8221; bottom_divider_height_phone=&#8221;25px&#8221; bottom_divider_height_last_edited=&#8221;on|tablet&#8221; custom_css_main_element=&#8221;background-size: cover!important;||background-position: top center!important;&#8221; locked=&#8221;off&#8221; global_colors_info=&#8221;{}&#8221;][et_pb_row column_structure=&#8221;2_5,3_5&#8243; make_equal=&#8221;on&#8221; module_class=&#8221;inline-buttons-row&#8221; _builder_version=&#8221;4.10.5&#8243; width=&#8221;90%&#8221; max_width=&#8221;90%&#8221; min_height=&#8221;280px&#8221; custom_css_main_element=&#8221;display:flex;||flex-wrap:wrap;||min-height: 400px;&#8221; global_colors_info=&#8221;{}&#8221;][et_pb_column type=&#8221;2_5&#8243; _builder_version=&#8221;4.10.5&#8243; background_color=&#8221;rgba(255,255,255,0.81)&#8221; custom_padding=&#8221;40px|40px|40px|40px|true|true&#8221; custom_css_main_element=&#8221;min-width:350px;||max-width:400px;&#8221; border_width_top=&#8221;4px&#8221; border_color_top=&#8221;#850041&#8243; global_colors_info=&#8221;{}&#8221; custom_css_main_element_last_edited=&#8221;on|desktop&#8221; custom_css_main_element_tablet=&#8221;order:2;||min-width:350px;&#8221; custom_css_main_element_phone=&#8221;min-width:290px;&#8221;][et_pb_text _builder_version=&#8221;4.14.4&#8243; text_text_color=&#8221;#3c3c3c&#8221; text_font_size=&#8221;18px&#8221; text_line_height=&#8221;1.6em&#8221; width=&#8221;90%&#8221; custom_margin=&#8221;0px||0px||false|false&#8221; custom_margin_tablet=&#8221;30px||||false|false&#8221; custom_margin_phone=&#8221;&#8221; custom_margin_last_edited=&#8221;on|tablet&#8221; custom_padding=&#8221;0px||0px||false|false&#8221; global_colors_info=&#8221;{}&#8221;]<\/p>\n<h1><span style=\"color: #3c3c3c;\"><b>Conpulse Product Roadmap <\/b><\/span><\/h1>\n<p>&nbsp;<\/p>\n<p>[\/et_pb_text][et_pb_text _builder_version=&#8221;4.14.4&#8243; text_text_color=&#8221;#3c3c3c&#8221; text_font_size=&#8221;18px&#8221; text_line_height=&#8221;1.6em&#8221; width=&#8221;90%&#8221; custom_margin=&#8221;0px||0px||false|false&#8221; custom_margin_tablet=&#8221;30px||||false|false&#8221; custom_margin_phone=&#8221;&#8221; custom_margin_last_edited=&#8221;on|tablet&#8221; custom_padding=&#8221;0px||0px||false|false&#8221; global_colors_info=&#8221;{}&#8221;]<\/p>\n<p>Follow the main evolutions of Conpulse since its inception and discover what the future holds<\/p>\n<p>[\/et_pb_text][\/et_pb_column][et_pb_column type=&#8221;3_5&#8243; _builder_version=&#8221;4.6.0&#8243; global_colors_info=&#8221;{}&#8221; custom_css_main_element_tablet=&#8221;order:1;&#8221; custom_css_main_element_last_edited=&#8221;on|tablet&#8221; custom_css_main_element_phone=&#8221;order:1;&#8221;][\/et_pb_column][\/et_pb_row][\/et_pb_section][et_pb_section fb_built=&#8221;1&#8243; _builder_version=&#8221;4.9.4&#8243; _module_preset=&#8221;default&#8221; custom_padding=&#8221;||0px||false|false&#8221; locked=&#8221;off&#8221; global_colors_info=&#8221;{}&#8221;][et_pb_row _builder_version=&#8221;4.9.4&#8243; _module_preset=&#8221;default&#8221; global_colors_info=&#8221;{}&#8221;][et_pb_column type=&#8221;4_4&#8243; _builder_version=&#8221;4.9.4&#8243; _module_preset=&#8221;default&#8221; global_colors_info=&#8221;{}&#8221;][dipl_timeline select_timeline_layout=&#8221;dipl_date_tree&#8221; _builder_version=&#8221;4.14.4&#8243; _module_preset=&#8221;default&#8221; hover_enabled=&#8221;0&#8243; global_colors_info=&#8221;{}&#8221; sticky_enabled=&#8221;0&#8243;][dipl_timeline_item timeline_title=&#8221;Basic&#8221; display_time=&#8221;on&#8221; timeline_custom_time=&#8221;Q3 &#8211; 2021&#8243; _builder_version=&#8221;4.14.4&#8243; _module_preset=&#8221;default&#8221; global_colors_info=&#8221;{}&#8221;]<\/p>\n<ul>\n<li>Surveys management<\/li>\n<li>Business Overview<\/li>\n<\/ul>\n<p>[\/dipl_timeline_item][dipl_timeline_item timeline_title=&#8221;Pro-Version&#8221; display_time=&#8221;on&#8221; timeline_custom_time=&#8221;Q4 &#8211; 2021&#8243; _builder_version=&#8221;4.14.4&#8243; _module_preset=&#8221;default&#8221; global_colors_info=&#8221;{}&#8221;]<\/p>\n<p>Subscription Management<\/p>\n<p>Sandbox for Demonstrations<\/p>\n<p>Knowledge Base<\/p>\n<p>[\/dipl_timeline_item][dipl_timeline_item timeline_title=&#8221;International&#8221; display_time=&#8221;on&#8221; timeline_custom_time=&#8221;Q1 &#8211; 2022&#8243; _builder_version=&#8221;4.14.4&#8243; _module_preset=&#8221;default&#8221; global_colors_info=&#8221;{}&#8221;]<\/p>\n<p>Multilingual client interface (english, french, porttuguese)<\/p>\n<p>Help Desk<\/p>\n<p>Internal Benchmark<\/p>\n<p>[\/dipl_timeline_item][dipl_timeline_item timeline_title=&#8221;Commercial&#8221; display_time=&#8221;on&#8221; timeline_custom_time=&#8221;Q2 &#8211; 2022&#8243; _builder_version=&#8221;4.14.4&#8243; _module_preset=&#8221;default&#8221; global_colors_info=&#8221;{}&#8221;]<\/p>\n<p>Conavigo integration<\/p>\n<p>Commercial Opportunities<\/p>\n<p>Win Loss<\/p>\n<p>Data Uploads<\/p>\n<p>[\/dipl_timeline_item][dipl_timeline_item timeline_title=&#8221;Continuous Improvement&#8221; display_time=&#8221;on&#8221; timeline_custom_time=&#8221;Q3 &#8211; 2022&#8243; _builder_version=&#8221;4.14.4&#8243; _module_preset=&#8221;default&#8221; hover_enabled=&#8221;0&#8243; global_colors_info=&#8221;{}&#8221; sticky_enabled=&#8221;0&#8243;]<\/p>\n<p>Performance Management<\/p>\n<p>Objective Settings<\/p>\n<p>External Benchmarks<\/p>\n<p>[\/dipl_timeline_item][dipl_timeline_item timeline_title=&#8221;Employee Experience&#8221; display_time=&#8221;on&#8221; timeline_custom_time=&#8221;Q4 &#8211; 2022&#8243; _builder_version=&#8221;4.14.4&#8243; _module_preset=&#8221;default&#8221; hover_enabled=&#8221;0&#8243; global_colors_info=&#8221;{}&#8221; sticky_enabled=&#8221;0&#8243;]<\/p>\n<p>Integration CRM<\/p>\n<p>Employee Experience<\/p>\n<p>Rankings<\/p>\n<p>[\/dipl_timeline_item][\/dipl_timeline][\/et_pb_column][\/et_pb_row][\/et_pb_section][et_pb_section fb_built=&#8221;1&#8243; _builder_version=&#8221;4.9.4&#8243; custom_padding=&#8221;||60px||false|false&#8221; global_module=&#8221;45645&#8243; saved_tabs=&#8221;all&#8221; locked=&#8221;off&#8221; global_colors_info=&#8221;{}&#8221;][et_pb_row column_structure=&#8221;3_5,2_5&#8243; make_equal=&#8221;on&#8221; custom_padding_last_edited=&#8221;on|desktop&#8221; _builder_version=&#8221;4.9.4&#8243; background_color=&#8221;#850041&#8243; background_image=&#8221;https:\/\/conpulse.io\/wp-content\/uploads\/2020\/05\/Molti-background.jpg&#8221; background_size=&#8221;initial&#8221; background_position=&#8221;bottom_center&#8221; background_blend=&#8221;overlay&#8221; custom_padding=&#8221;0px|40px|0px|40px|true|true&#8221; custom_padding_tablet=&#8221;30px|40px|30px|40px|true|true&#8221; custom_padding_phone=&#8221;&#8221; custom_css_main_element=&#8221;display:flex;||flex-wrap:wrap;&#8221; box_shadow_style=&#8221;preset1&#8243; box_shadow_vertical=&#8221;12px&#8221; box_shadow_blur=&#8221;12px&#8221; box_shadow_color=&#8221;rgba(133,0,65,0.53)&#8221; global_colors_info=&#8221;{}&#8221;][et_pb_column type=&#8221;3_5&#8243; _builder_version=&#8221;4.6.0&#8243; global_colors_info=&#8221;{}&#8221; custom_css_main_element_last_edited=&#8221;on|tablet&#8221; custom_css_main_element_tablet=&#8221;order:2;&#8221; custom_css_main_element_phone=&#8221;order:2;&#8221;][et_pb_text content_tablet=&#8221;<\/p>\n<h3><span style=%22font-size: small;%22>Want to discuss about your next project?<br \/><\/span>Let&#8217;s Talk<\/h3>\n<p>&#8221; content_phone=&#8221;<\/p>\n<h3><span style=%22font-size: small;%22>Want to discuss about your next project?<br \/><\/span>Let&#8217;s Talk<\/h3>\n<p>&#8221; content_last_edited=&#8221;on|tablet&#8221; _builder_version=&#8221;4.10.5&#8243; text_font=&#8221;Nunito Sans|600|||||||&#8221; text_text_color=&#8221;#ffffff&#8221; text_letter_spacing=&#8221;0.2px&#8221; text_line_height=&#8221;1.8em&#8221; header_3_font=&#8221;|700|||||||&#8221; header_3_text_color=&#8221;#ffffff&#8221; header_3_font_size=&#8221;40px&#8221; width_tablet=&#8221;78%&#8221; width_phone=&#8221;100%&#8221; width_last_edited=&#8221;on|tablet&#8221; module_alignment=&#8221;left&#8221; text_font_size_tablet=&#8221;&#8221; text_font_size_phone=&#8221;13px&#8221; text_font_size_last_edited=&#8221;on|phone&#8221; header_3_text_align_tablet=&#8221;center&#8221; header_3_text_align_phone=&#8221;&#8221; header_3_text_align_last_edited=&#8221;on|tablet&#8221; header_3_font_size_tablet=&#8221;&#8221; header_3_font_size_phone=&#8221;30px&#8221; header_3_font_size_last_edited=&#8221;on|phone&#8221; text_orientation_tablet=&#8221;center&#8221; text_orientation_phone=&#8221;&#8221; text_orientation_last_edited=&#8221;on|tablet&#8221; module_alignment_tablet=&#8221;center&#8221; module_alignment_phone=&#8221;&#8221; module_alignment_last_edited=&#8221;on|tablet&#8221; global_colors_info=&#8221;{}&#8221;]<\/p>\n<h3><span style=\"font-size: small;\">Want to discuss about your next project?<br \/><\/span>Let&#8217;s Talk<\/h3>\n<p>Book a meeting, Ask for a Call Back or Chat with us on line. You can also drop by for a coffee but there is no button for that.<\/p>\n<p>[\/et_pb_text][el_modal_popup modal_id=&#8221;BAC-Blue&#8221; trigger_button_text=&#8221;Book a call&#8221; close_on_esc=&#8221;on&#8221; show_modal_title=&#8221;off&#8221; show_footer=&#8221;off&#8221; modal_content_type=&#8221;layout&#8221; modal_content_layout=&#8221;40207&#8243; modal_body_custom_padding=&#8221;0px|0px|0px|0px|true|true&#8221; modal_close_icon_color=&#8221;#850041&#8243; admin_label=&#8221;Book a call&#8221; module_class=&#8221;blue-section&#8221; _builder_version=&#8221;4.14.4&#8243; _module_preset=&#8221;default&#8221; custom_trigger_button=&#8221;on&#8221; trigger_button_text_size=&#8221;14px&#8221; trigger_button_text_color=&#8221;#ffffff&#8221; trigger_button_bg_color=&#8221;#00abbb&#8221; trigger_button_border_radius=&#8221;50px&#8221; trigger_button_font=&#8221;|700||on|||||&#8221; trigger_button_use_icon=&#8221;off&#8221; trigger_button_custom_padding=&#8221;10px|10px|10px|10px|false|false&#8221; text_orientation=&#8221;center&#8221; modal_width=&#8221;60%&#8221; custom_css_main_element=&#8221;width:180px;||margin-left:auto;||margin-right:6%;||float:left;&#8221; locked=&#8221;off&#8221; global_colors_info=&#8221;{}&#8221; trigger_button_text_color__hover_enabled=&#8221;on|hover&#8221; trigger_button_text_color__hover=&#8221;#3c3c3c&#8221; trigger_button_bg_color__hover_enabled=&#8221;on|hover&#8221; trigger_button_bg_color__hover=&#8221;#e1e1e1&#8243; trigger_button_bg_enable_color__hover=&#8221;on&#8221;][\/el_modal_popup][et_pb_text admin_label=&#8221;Chat Live&#8221; module_id=&#8221;chat-button&#8221; _builder_version=&#8221;4.14.4&#8243; _module_preset=&#8221;default&#8221; custom_css_main_element=&#8221;width:180px;||margin-left:30px;||margin-right:auto;||float:left;&#8221; global_colors_info=&#8221;{}&#8221;]<button onclick=\"toggleshow()\">Chat Live<\/button>[\/et_pb_text][\/et_pb_column][et_pb_column type=&#8221;2_5&#8243; _builder_version=&#8221;4.6.0&#8243; global_colors_info=&#8221;{}&#8221; custom_css_main_element_tablet=&#8221;order:1;&#8221; custom_css_main_element_last_edited=&#8221;on|tablet&#8221; custom_css_main_element_phone=&#8221;order:1;&#8221;][et_pb_image src=&#8221;https:\/\/conpulse.io\/wp-content\/uploads\/2021\/09\/volodymyr-hryshchenko-V5vqWC9gyEU-unsplash-scaled.jpg&#8221; title_text=&#8221;volodymyr-hryshchenko-V5vqWC9gyEU-unsplash&#8221; _builder_version=&#8221;4.10.5&#8243; max_height=&#8221;250px&#8221; custom_margin=&#8221;65px||65px||true|false&#8221; global_colors_info=&#8221;{}&#8221;][\/et_pb_image][\/et_pb_column][\/et_pb_row][\/et_pb_section]<\/p>\n","protected":false},"excerpt":{"rendered":"<p>Feuille de route du produit Conpulse Suivez les principales \u00e9volutions du produit Conpulse depuis sa cr\u00e9ation et d\u00e9couvrez ce que l'avenir nous r\u00e9serve.<div class=\"et_pb_module dipl_timeline dipl_timeline_0\">\n\t\t\t\t\n\t\t\t\t\n\t\t\t\t\n\t\t\t\t\n\t\t\t\t\n\t\t\t\t\n\t\t\t\t<div class=\"et_pb_module_inner\">\n\t\t\t\t\t<div class=\"dipl_timeline_alternate\"><div class=\"dipl_timeline_wrapper\">\n                            \n                        <\/div><div class=\"dipl_timeline_alternate_stem dipl_date_tree_stem\"><div class=\"dipl_stem_wrapper\"><div class=\"dipl_stem\"><\/div><\/div><\/div><\/div>\n\t\t\t\t<\/div>\n\t\t\t<\/div><div class=\"et_pb_module dipl_timeline_item dipl_timeline_item_0\">\n\t\t\t\t<div class=\"dipl_date_tree dipl_timeline_item_wrapper\">       \n                                <div class=\"dipl_stem_center\"><div class=\"dipl_time_wrapper\"><div class=\"dipl_item_time\">Q3 - 2021<\/div><\/div><\/div>\n                                <div class=\"dipl_item_content\">\n                                \t<div class=\"dipl_item_content_inner\">\n\t                                    \n\t                                    <h3 class=\"dipl_item_title\">Base<\/h3>\n\t                                    <div class=\"dipl_item_desc\"> Aper\u00e7u des activit\u00e9s de gestion des enqu\u00eates <\/div>\n\t                                    <span class=\"dipl_triangle\"><\/span>\n\t                                <\/div>\n                                <\/div>\n                                <div class=\"dipl_date_container\"><\/div>\n                            <\/div>\n\t\t\t<\/div><div class=\"et_pb_module dipl_timeline_item dipl_timeline_item_1\">\n\t\t\t\t<div class=\"dipl_date_tree dipl_timeline_item_wrapper\">       \n                                <div class=\"dipl_stem_center\"><div class=\"dipl_time_wrapper\"><div class=\"dipl_item_time\">Q4 - 2021<\/div><\/div><\/div>\n                                <div class=\"dipl_item_content\">\n                                \t<div class=\"dipl_item_content_inner\">\n\t                                    \n\t                                    <h3 class=\"dipl_item_title\">Version Pro<\/h3>\n\t                                    <div class=\"dipl_item_desc\">Base de connaissances de la gestion des abonnements Sandbox pour les d\u00e9monstrations<\/div>\n\t                                    <span class=\"dipl_triangle\"><\/span>\n\t                                <\/div>\n                                <\/div>\n                                <div class=\"dipl_date_container\"><\/div>\n                            <\/div>\n\t\t\t<\/div><div class=\"et_pb_module dipl_timeline_item dipl_timeline_item_2\">\n\t\t\t\t<div class=\"dipl_date_tree dipl_timeline_item_wrapper\">       \n                                <div class=\"dipl_stem_center\"><div class=\"dipl_time_wrapper\"><\/div><\/div>\n                                <div class=\"dipl_item_content\">\n                                \t<div class=\"dipl_item_content_inner\">\n\t                                    \n\t                                    <h3 class=\"dipl_item_title\">\"International\"<\/h3>\n\t                                    \n\t                                    <span class=\"dipl_triangle\"><\/span>\n\t                                <\/div>\n                                <\/div>\n                                <div class=\"dipl_date_container\"><\/div>\n                            <\/div>\n\t\t\t<\/div><\/p>","protected":false},"author":7,"featured_media":0,"parent":0,"menu_order":0,"comment_status":"closed","ping_status":"closed","template":"","meta":{"_et_pb_use_builder":"on","_et_pb_old_content":"","_et_gb_content_width":"","footnotes":""},"class_list":["post-45521","page","type-page","status-publish","hentry"],"_links":{"self":[{"href":"https:\/\/conpulse.io\/fr\/wp-json\/wp\/v2\/pages\/45521","targetHints":{"allow":["GET"]}}],"collection":[{"href":"https:\/\/conpulse.io\/fr\/wp-json\/wp\/v2\/pages"}],"about":[{"href":"https:\/\/conpulse.io\/fr\/wp-json\/wp\/v2\/types\/page"}],"author":[{"embeddable":true,"href":"https:\/\/conpulse.io\/fr\/wp-json\/wp\/v2\/users\/7"}],"replies":[{"embeddable":true,"href":"https:\/\/conpulse.io\/fr\/wp-json\/wp\/v2\/comments?post=45521"}],"version-history":[{"count":0,"href":"https:\/\/conpulse.io\/fr\/wp-json\/wp\/v2\/pages\/45521\/revisions"}],"wp:attachment":[{"href":"https:\/\/conpulse.io\/fr\/wp-json\/wp\/v2\/media?parent=45521"}],"curies":[{"name":"wp","href":"https:\/\/api.w.org\/{rel}","templated":true}]}}