{"id":37846,"date":"2021-05-10T11:34:27","date_gmt":"2021-05-10T15:34:27","guid":{"rendered":"https:\/\/devcqsingle.consultingquest.co\/?page_id=37846"},"modified":"2021-12-10T09:44:45","modified_gmt":"2021-12-10T14:44:45","slug":"credits-site","status":"publish","type":"page","link":"https:\/\/conpulse.io\/fr\/site-credits\/","title":{"rendered":"Cr\u00e9dits du site"},"content":{"rendered":"<p>[et_pb_section fb_built=&#8221;1&#8243; next_background_color=&#8221;#ffffff&#8221; admin_label=&#8221;Hero Section&#8221; _builder_version=&#8221;4.13.1&#8243; background_enable_color=&#8221;off&#8221; background_image=&#8221;https:\/\/conpulse.io\/wp-content\/uploads\/2021\/12\/Credits-Alexas_Fotos-on-Unsplash&#8211;scaled-e1639147445891.jpg&#8221; background_size=&#8221;initial&#8221; background_position=&#8221;bottom_left&#8221; min_height=&#8221;280px&#8221; custom_padding=&#8221;||80px||false|false&#8221; bottom_divider_style=&#8221;asymmetric2&#8243; bottom_divider_height_tablet=&#8221;40px&#8221; bottom_divider_height_phone=&#8221;25px&#8221; bottom_divider_height_last_edited=&#8221;on|tablet&#8221; hover_enabled=&#8221;0&#8243; custom_css_main_element=&#8221;background-size: cover!important;||background-position: top center!important;&#8221; locked=&#8221;off&#8221; global_colors_info=&#8221;{}&#8221; title_text=&#8221;Credits- Alexas_Fotos on Unsplash&#8221; sticky_enabled=&#8221;0&#8243;][et_pb_row column_structure=&#8221;2_5,3_5&#8243; make_equal=&#8221;on&#8221; module_class=&#8221;inline-buttons-row&#8221; _builder_version=&#8221;4.9.4&#8243; width=&#8221;90%&#8221; max_width=&#8221;90%&#8221; min_height=&#8221;280px&#8221; custom_css_main_element=&#8221;display:flex;||flex-wrap:wrap;&#8221; global_colors_info=&#8221;{}&#8221;][et_pb_column type=&#8221;2_5&#8243; _builder_version=&#8221;4.9.4&#8243; background_color=&#8221;rgba(255,255,255,0.81)&#8221; custom_padding=&#8221;40px|40px|40px|40px|true|true&#8221; border_width_top=&#8221;4px&#8221; border_color_top=&#8221;#ff7700&#8243; global_colors_info=&#8221;{}&#8221; custom_css_main_element_last_edited=&#8221;on|tablet&#8221; custom_css_main_element_tablet=&#8221;order:2;&#8221; custom_css_main_element_phone=&#8221;order:2;&#8221;][et_pb_text _builder_version=&#8221;4.9.4&#8243; text_font=&#8221;Lato|700|||||||&#8221; text_text_color=&#8221;#3c3c3c&#8221; text_font_size=&#8221;45px&#8221; text_line_height=&#8221;1.5em&#8221; header_font=&#8221;Lato||||||||&#8221; header_text_color=&#8221;#3c3c3c&#8221; header_font_size=&#8221;40px&#8221; width=&#8221;90%&#8221; custom_margin=&#8221;0px||0px||false|false&#8221; custom_margin_tablet=&#8221;30px||||false|false&#8221; custom_margin_last_edited=&#8221;off|desktop&#8221; custom_padding=&#8221;0px||0px||false|false&#8221; global_colors_info=&#8221;{}&#8221; content__hover_enabled=&#8221;on|desktop&#8221; content__hover=&#8221;<\/p>\n<p><span style=%22color: #3c3c3c;%22><b>Credits<\/b><\/span><\/p>\n<p>&#8220;]<\/p>\n<p><span style=\"color: #3c3c3c;\"><b>Credits<\/b><\/span><\/p>\n<p>[\/et_pb_text][et_pb_text _builder_version=&#8221;4.9.4&#8243; text_text_color=&#8221;#3c3c3c&#8221; text_font_size=&#8221;18px&#8221; text_line_height=&#8221;1.6em&#8221; width=&#8221;90%&#8221; custom_margin=&#8221;0px||0px||false|false&#8221; custom_margin_tablet=&#8221;30px||||false|false&#8221; custom_margin_phone=&#8221;&#8221; custom_margin_last_edited=&#8221;on|tablet&#8221; custom_padding=&#8221;0px||0px||false|false&#8221; global_colors_info=&#8221;{}&#8221;]<\/p>\n<p>Shoutout to all the contributors to this site.<\/p>\n<p>[\/et_pb_text][\/et_pb_column][et_pb_column type=&#8221;3_5&#8243; _builder_version=&#8221;4.6.0&#8243; global_colors_info=&#8221;{}&#8221; custom_css_main_element_tablet=&#8221;order:1;&#8221; custom_css_main_element_last_edited=&#8221;on|tablet&#8221; custom_css_main_element_phone=&#8221;order:1;&#8221;][\/et_pb_column][\/et_pb_row][\/et_pb_section][et_pb_section fb_built=&#8221;1&#8243; _builder_version=&#8221;4.7.7&#8243; _module_preset=&#8221;default&#8221; global_colors_info=&#8221;{}&#8221;][et_pb_row column_structure=&#8221;1_2,1_2&#8243; _builder_version=&#8221;4.7.7&#8243; _module_preset=&#8221;default&#8221; global_colors_info=&#8221;{}&#8221;][et_pb_column type=&#8221;1_2&#8243; _builder_version=&#8221;4.7.7&#8243; _module_preset=&#8221;default&#8221; global_colors_info=&#8221;{}&#8221;][et_pb_text _builder_version=&#8221;4.9.4&#8243; _module_preset=&#8221;default&#8221; global_colors_info=&#8221;{}&#8221;]<\/p>\n<h1 class=\"hero-1-title mb-4 font-weight-normal line-height-1_4\">All our <span style=\"color: #ff7700;\"><strong>Credits<\/strong><\/span><\/h1>\n<p>[\/et_pb_text][\/et_pb_column][et_pb_column type=&#8221;1_2&#8243; _builder_version=&#8221;4.7.7&#8243; _module_preset=&#8221;default&#8221; global_colors_info=&#8221;{}&#8221;][\/et_pb_column][\/et_pb_row][et_pb_row _builder_version=&#8221;4.9.7&#8243; _module_preset=&#8221;default&#8221; global_colors_info=&#8221;{}&#8221;][et_pb_column type=&#8221;4_4&#8243; _builder_version=&#8221;4.9.7&#8243; _module_preset=&#8221;default&#8221; global_colors_info=&#8221;{}&#8221;][et_pb_text _builder_version=&#8221;4.9.7&#8243; _module_preset=&#8221;default&#8221; global_colors_info=&#8221;{}&#8221;]<\/p>\n<p>All the pictures below have been at some point displayed on this site. They were found on either <a href=\"https:\/\/unsplash.com\/\" target=\"_blank\" rel=\"noopener\">unsplash<\/a> or <a href=\"https:\/\/www.pexels.com\/\" target=\"_blank\" rel=\"noopener\">pexels<\/a>.<\/p>\n<p>All pictures present on this site and not shown below are either free of rights or licensed to Consulting Quest.<\/p>\n<p>[\/et_pb_text][\/et_pb_column][\/et_pb_row][\/et_pb_section][et_pb_section fb_built=&#8221;1&#8243; _builder_version=&#8221;4.9.4&#8243; _module_preset=&#8221;default&#8221; global_colors_info=&#8221;{}&#8221;][et_pb_row _builder_version=&#8221;4.9.4&#8243; _module_preset=&#8221;default&#8221; global_colors_info=&#8221;{}&#8221;][et_pb_column type=&#8221;4_4&#8243; _builder_version=&#8221;4.9.4&#8243; _module_preset=&#8221;default&#8221; global_colors_info=&#8221;{}&#8221;][et_pb_blog_extras post_type=&#8221;credits&#8221; posts_number=&#8221;36&#8243; blog_layout=&#8221;masonry&#8221; featured_image_size=&#8221;medium&#8221; excerpt_length=&#8221;0&#8243; show_more=&#8221;off&#8221; show_author=&#8221;off&#8221; show_date=&#8221;off&#8221; show_categories=&#8221;off&#8221; show_comments=&#8221;off&#8221; show_load_more=&#8221;on&#8221; load_more_text=&#8221;Load More&#8221; _builder_version=&#8221;4.9.7&#8243; _module_preset=&#8221;default&#8221; global_colors_info=&#8221;{}&#8221;][\/et_pb_blog_extras][\/et_pb_column][\/et_pb_row][\/et_pb_section]<\/p>\n","protected":false},"excerpt":{"rendered":"<p>Cr\u00e9ditsSoutenance \u00e0 tous les contributeurs de ce site.Tous nos Cr\u00e9ditsToutes les images ci-dessous ont \u00e9t\u00e9 \u00e0 un moment ou \u00e0 un autre affich\u00e9es sur ce site. Elles ont \u00e9t\u00e9 trouv\u00e9es sur unsplash ou pexels. Toutes les images pr\u00e9sentes sur ce site et non montr\u00e9es ci-dessous sont soit libres de droits, soit sous licence de Consulting Quest.<\/p>","protected":false},"author":7,"featured_media":0,"parent":0,"menu_order":0,"comment_status":"closed","ping_status":"closed","template":"","meta":{"_et_pb_use_builder":"on","_et_pb_old_content":"","_et_gb_content_width":"","footnotes":""},"class_list":["post-37846","page","type-page","status-publish","hentry"],"_links":{"self":[{"href":"https:\/\/conpulse.io\/fr\/wp-json\/wp\/v2\/pages\/37846","targetHints":{"allow":["GET"]}}],"collection":[{"href":"https:\/\/conpulse.io\/fr\/wp-json\/wp\/v2\/pages"}],"about":[{"href":"https:\/\/conpulse.io\/fr\/wp-json\/wp\/v2\/types\/page"}],"author":[{"embeddable":true,"href":"https:\/\/conpulse.io\/fr\/wp-json\/wp\/v2\/users\/7"}],"replies":[{"embeddable":true,"href":"https:\/\/conpulse.io\/fr\/wp-json\/wp\/v2\/comments?post=37846"}],"version-history":[{"count":0,"href":"https:\/\/conpulse.io\/fr\/wp-json\/wp\/v2\/pages\/37846\/revisions"}],"wp:attachment":[{"href":"https:\/\/conpulse.io\/fr\/wp-json\/wp\/v2\/media?parent=37846"}],"curies":[{"name":"wp","href":"https:\/\/api.w.org\/{rel}","templated":true}]}}